{"id":225390,"date":"2023-08-08T11:04:48","date_gmt":"2023-08-08T11:04:48","guid":{"rendered":"http:\/\/aitopic.nl\/home\/"},"modified":"2025-05-15T09:43:29","modified_gmt":"2025-05-15T09:43:29","slug":"home","status":"publish","type":"page","link":"https:\/\/aitopic.nl\/de\/","title":{"rendered":"Home"},"content":{"rendered":"<p>[et_pb_section fb_built=&#8220;1&#8243; _builder_version=&#8220;4.27.0&#8243; _module_preset=&#8220;default&#8220; background_color=&#8220;RGBA(255,255,255,0)&#8220; background_enable_image=&#8220;off&#8220; parallax=&#8220;on&#8220; custom_padding=&#8220;1vw||1vw||true|false&#8220; global_colors_info=&#8220;{}&#8220;][et_pb_row _builder_version=&#8220;4.27.0&#8243; _module_preset=&#8220;default&#8220; width=&#8220;auto&#8220; max_height=&#8220;100%&#8220; custom_margin=&#8220;||||false|false&#8220; custom_padding=&#8220;1vw||1vw||true|false&#8220; global_colors_info=&#8220;{}&#8220;][et_pb_column type=&#8220;4_4&#8243; _builder_version=&#8220;4.24.2&#8243; _module_preset=&#8220;default&#8220; global_colors_info=&#8220;{}&#8220;][et_pb_post_slider posts_number=&#8220;1&#8243; orderby=&#8220;rand&#8220; use_manual_excerpt=&#8220;off&#8220; excerpt_length=&#8220;0&#8243; show_meta=&#8220;off&#8220; use_bg_overlay=&#8220;off&#8220; use_text_overlay=&#8220;on&#8220; text_overlay_color=&#8220;RGBA(255,255,255,0)&#8220; admin_label=&#8220;Berichten: \u00e9\u00e9n (willekeurig)&#8220; _builder_version=&#8220;4.27.0&#8243; _module_preset=&#8220;default&#8220; header_font=&#8220;|||||on|||&#8220; header_font_size=&#8220;30px&#8220; custom_button=&#8220;on&#8220; button_text_size=&#8220;15px&#8220; button_border_width=&#8220;1px&#8220; custom_margin=&#8220;|1%||1%|true|true&#8220; custom_padding=&#8220;||||true|false&#8220; child_filter_brightness=&#8220;99%&#8220; child_filter_invert=&#8220;59%&#8220; animation_style=&#8220;zoom&#8220; animation_duration=&#8220;0ms&#8220; hover_enabled=&#8220;0&#8243; border_radii=&#8220;on|7px|7px|7px|7px&#8220; border_width_all=&#8220;2px&#8220; border_color_all=&#8220;rgba(0,0,0,0.9)&#8220; border_width_all_image=&#8220;1px&#8220; border_color_all_image=&#8220;rgba(0,53,1,0.47)&#8220; box_shadow_style=&#8220;preset3&#8243; global_colors_info=&#8220;{}&#8220; sticky_enabled=&#8220;0&#8243;][\/et_pb_post_slider][\/et_pb_column][\/et_pb_row][et_pb_row _builder_version=&#8220;4.27.0&#8243; _module_preset=&#8220;default&#8220; custom_margin=&#8220;||||false|false&#8220; custom_padding=&#8220;1vw||1vw||true|false&#8220; global_colors_info=&#8220;{}&#8220;][et_pb_column type=&#8220;4_4&#8243; _builder_version=&#8220;4.25.2&#8243; _module_preset=&#8220;default&#8220; global_colors_info=&#8220;{}&#8220;][et_pb_toggle title=&#8220;Willkommen bei Aitopic.nl&#8220; icon_color=&#8220;#FFFFFF&#8220; toggle_icon=&#8220;&#x47;||divi||400&#8243; use_icon_font_size=&#8220;on&#8220; icon_font_size=&#8220;40px&#8220; open_icon_color=&#8220;#FFFFFF&#8220; open_toggle_icon=&#8220;&#x46;||divi||400&#8243; open_use_icon_font_size=&#8220;on&#8220; open_icon_font_size=&#8220;26px&#8220; admin_label=&#8220;Welkom op Aitopic.nl&#8220; _builder_version=&#8220;4.27.0&#8243; _module_preset=&#8220;default&#8220; title_text_color=&#8220;#FFFFFF&#8220; title_font=&#8220;|||||on|||&#8220; title_font_size=&#8220;20px&#8220; body_text_color=&#8220;#FFFFFF&#8220; body_font_size=&#8220;16px&#8220; background_color=&#8220;RGBA(255,255,255,0)&#8220; background_image=&#8220;https:\/\/aitopic.nl\/wp-content\/uploads\/2024\/06\/Absurdistische-AI-beelden-8-1536&#215;878.webp&#8220; background_size=&#8220;initial&#8220; custom_margin=&#8220;|2%|9px|2%|false|true&#8220; custom_padding=&#8220;30px|13%|30px|13%|true|true&#8220; title_text_shadow_style=&#8220;preset1&#8243; body_text_shadow_style=&#8220;preset1&#8243; border_radii=&#8220;on|7px|7px|7px|7px&#8220; border_width_all=&#8220;2px&#8220; border_color_all=&#8220;rgba(0,53,1,0.76)&#8220; global_colors_info=&#8220;{}&#8220;]<\/p>\n<p>Hier k\u00f6nnte f\u00fcr Sie eine einzigartige Entdeckungsreise durch die faszinierende Welt der <em>k\u00fcnstlichen Intelligenz <\/em><em>(Artificial Intelligence<\/em>) und Kreativit\u00e4t beginnen. Diese Homepage gibt bereits einen Vorgeschmack darauf&#8230;<\/p>\n<p>Mein Name ist Dr\u00e9 Holthuijsen, Sch\u00f6pfer und Designer dieser einzigartigen Website.<\/p>\n<p>Ich lade Sie ein, in die teilweise atemberaubenden Bilder und interaktiven Erlebnisse einzutauchen, die hier zusammengetragen wurden.<\/p>\n<p>Unter <a href=\"https:\/\/aitopic.nl\/blog-alle-publicaties-op-aitopic\/\">Blog<\/a> finden Sie auch viele Informationen \u00fcber k\u00fcnstliche Intelligenz und wie sie eine immer gr\u00f6\u00dfere Rolle in unserer Welt spielt.<\/p>\n<p>[\/et_pb_toggle][et_pb_toggle title=&#8220;Besondere Zusammenarbeit&#8220; icon_color=&#8220;#FFFFFF&#8220; toggle_icon=&#8220;&#x47;||divi||400&#8243; use_icon_font_size=&#8220;on&#8220; icon_font_size=&#8220;40px&#8220; open_icon_color=&#8220;#FFFFFF&#8220; open_toggle_icon=&#8220;&#x46;||divi||400&#8243; open_use_icon_font_size=&#8220;on&#8220; open_icon_font_size=&#8220;26px&#8220; admin_label=&#8220;Bijzondere samenwerking&#8220; _builder_version=&#8220;4.27.0&#8243; _module_preset=&#8220;default&#8220; title_text_color=&#8220;#FFFFFF&#8220; title_font=&#8220;|||||on|||&#8220; title_font_size=&#8220;20px&#8220; body_text_color=&#8220;#FFFFFF&#8220; body_font_size=&#8220;16px&#8220; background_color=&#8220;RGBA(255,255,255,0)&#8220; background_image=&#8220;https:\/\/aitopic.nl\/wp-content\/uploads\/2024\/06\/De-laatste-uren-in-Florence-met-een-vleugje-da-Vinci_02-1536&#215;878.webp&#8220; custom_margin=&#8220;|2%|9px|2%|false|true&#8220; custom_padding=&#8220;30px|13%|30px|13%|true|true&#8220; title_text_shadow_style=&#8220;preset1&#8243; body_text_shadow_style=&#8220;preset1&#8243; border_radii=&#8220;on|7px|7px|7px|7px&#8220; border_width_all=&#8220;2px&#8220; border_color_all=&#8220;rgba(0,53,1,0.76)&#8220; global_colors_info=&#8220;{}&#8220;]<\/p>\n<p>Die Website aitopic.nl ist das Ergebnis einer besonderen Zusammenarbeit zwischen Menschen und Maschinen.<\/p>\n<p>Ich arbeite eng mit fortschrittlichen KI-Tools wie ChatGPT, Google Bard, Microsoft Bing und verschiedenen Websites wie MidJourney, Nightcaf\u00e9 und DreamStudio zusammen, die Zugang zu KI-Kunstgeneratoren und Designanwendungen wie Adobe Photoshop, Affinity Photo, Studio Artist, Filter Forge usw. bieten.<\/p>\n<p>Damit kann ich diese spannende Website in WordPress und dem Divi-Theme gestalten.<\/p>\n<p>In ihm verschmelzen die Grenzen zwischen Technologie und Kreativit\u00e4t zu einem neuen, dynamischen Ganzen.<\/p>\n<p>Ich kenne die Debatte dar\u00fcber, ob Bilder, die von und mit KI erzeugt werden, tats\u00e4chlich &#8222;Kunst&#8220; mit einem Gro\u00dfbuchstaben sind. Urteilen Sie einfach selbst.<\/p>\n<p>[\/et_pb_toggle][et_pb_toggle title=&#8220;Noch nie dagewesene M\u00f6glichkeiten&#8220; icon_color=&#8220;#FFFFFF&#8220; toggle_icon=&#8220;&#x47;||divi||400&#8243; use_icon_font_size=&#8220;on&#8220; icon_font_size=&#8220;40px&#8220; open_icon_color=&#8220;#FFFFFF&#8220; open_toggle_icon=&#8220;&#x46;||divi||400&#8243; open_use_icon_font_size=&#8220;on&#8220; open_icon_font_size=&#8220;26px&#8220; admin_label=&#8220;Onbeperkte en ongekende mogelijkheden&#8220; _builder_version=&#8220;4.27.0&#8243; _module_preset=&#8220;default&#8220; title_text_color=&#8220;#FFFFFF&#8220; title_font=&#8220;|||||on|||&#8220; title_font_size=&#8220;20px&#8220; body_text_color=&#8220;#FFFFFF&#8220; body_font_size=&#8220;16px&#8220; background_color=&#8220;RGBA(255,255,255,0)&#8220; background_image=&#8220;https:\/\/aitopic.nl\/wp-content\/uploads\/2024\/06\/Ongrijpbare-werelden023-scaled.webp&#8220; custom_margin=&#8220;|2%||2%|false|true&#8220; custom_padding=&#8220;30px|13%|30px|13%|true|true&#8220; title_text_shadow_style=&#8220;preset1&#8243; body_text_shadow_style=&#8220;preset1&#8243; border_radii=&#8220;on|7px|7px|7px|7px&#8220; border_width_all=&#8220;2px&#8220; border_color_all=&#8220;rgba(0,53,1,0.76)&#8220; global_colors_info=&#8220;{}&#8220;]<\/p>\n<p>Vor uns liegt eine Reise voller \u00dcberraschungen und nie dagewesener M\u00f6glichkeiten.<\/p>\n<p>Egal, ob Sie ein Technikfan, ein kreativer Kopf oder einfach nur neugierig sind, wir haben etwas f\u00fcr Sie.<\/p>\n<p>Von ChatGPT-Texten bis zu KI-generierten Bildern von atemberaubender visueller Sch\u00f6nheit. Sie sind dabei, die vielen Gesichter der KI zu entdecken.<\/p>\n<p>Bei aitopic.nl dreht sich alles um Erkundung und Entdeckung. Worauf warten Sie also noch?<\/p>\n<p>Tauchen Sie ein in das Unbekannte und lassen Sie sich \u00fcberraschen, was k\u00fcnstliche Intelligenz und diese Website f\u00fcr Sie bereithalten.<\/p>\n<p>[\/et_pb_toggle][\/et_pb_column][\/et_pb_row][et_pb_row _builder_version=&#8220;4.27.0&#8243; _module_preset=&#8220;default&#8220; width=&#8220;auto&#8220; max_height=&#8220;100%&#8220; custom_margin=&#8220;||||true|false&#8220; custom_padding=&#8220;1vw||1vw||true|false&#8220; global_colors_info=&#8220;{}&#8220;][et_pb_column type=&#8220;4_4&#8243; _builder_version=&#8220;4.24.2&#8243; _module_preset=&#8220;default&#8220; global_colors_info=&#8220;{}&#8220;][et_pb_post_slider posts_number=&#8220;5&#8243; use_manual_excerpt=&#8220;off&#8220; excerpt_length=&#8220;0&#8243; show_meta=&#8220;off&#8220; use_bg_overlay=&#8220;off&#8220; use_text_overlay=&#8220;on&#8220; text_overlay_color=&#8220;RGBA(255,255,255,0)&#8220; admin_label=&#8220;Berichten 1 t\/m 5&#8243; _builder_version=&#8220;4.27.0&#8243; _module_preset=&#8220;default&#8220; header_font=&#8220;|||||on|||&#8220; header_font_size=&#8220;30px&#8220; custom_button=&#8220;on&#8220; button_text_size=&#8220;15px&#8220; button_border_width=&#8220;1px&#8220; custom_margin=&#8220;|1%||1%|true|true&#8220; custom_padding=&#8220;||||true|false&#8220; animation_style=&#8220;zoom&#8220; animation_duration=&#8220;0ms&#8220; auto=&#8220;on&#8220; auto_speed=&#8220;7050&#8243; auto_ignore_hover=&#8220;on&#8220; hover_enabled=&#8220;0&#8243; border_radii=&#8220;on|7px|7px|7px|7px&#8220; border_width_all=&#8220;2px&#8220; border_color_all=&#8220;rgba(0,0,0,0.9)&#8220; border_width_all_image=&#8220;1px&#8220; border_color_all_image=&#8220;rgba(0,53,1,0.47)&#8220; box_shadow_style=&#8220;preset3&#8243; global_colors_info=&#8220;{}&#8220; animation_intensity_zoom=&#8220;0%&#8220; sticky_enabled=&#8220;0&#8243;][\/et_pb_post_slider][\/et_pb_column][\/et_pb_row][et_pb_row _builder_version=&#8220;4.27.0&#8243; _module_preset=&#8220;default&#8220; custom_margin=&#8220;||||false|false&#8220; custom_padding=&#8220;1vw||1vw||true|false&#8220; global_colors_info=&#8220;{}&#8220;][et_pb_column type=&#8220;4_4&#8243; _builder_version=&#8220;4.25.2&#8243; _module_preset=&#8220;default&#8220; global_colors_info=&#8220;{}&#8220;][et_pb_toggle title=&#8220;Blog \/ Neuigkeit(en)&#8220; icon_color=&#8220;#FFFFFF&#8220; toggle_icon=&#8220;&#x47;||divi||400&#8243; use_icon_font_size=&#8220;on&#8220; icon_font_size=&#8220;40px&#8220; open_icon_color=&#8220;#FFFFFF&#8220; open_toggle_icon=&#8220;&#x46;||divi||400&#8243; open_use_icon_font_size=&#8220;on&#8220; open_icon_font_size=&#8220;26px&#8220; admin_label=&#8220;Blog \/ nieuw(s)&#8220; _builder_version=&#8220;4.27.0&#8243; _module_preset=&#8220;default&#8220; title_text_color=&#8220;#FFFFFF&#8220; title_font=&#8220;|||||on|||&#8220; title_font_size=&#8220;20px&#8220; body_text_color=&#8220;#FFFFFF&#8220; body_font_size=&#8220;16px&#8220; background_color=&#8220;RGBA(255,255,255,0)&#8220; background_image=&#8220;https:\/\/aitopic.nl\/wp-content\/uploads\/2024\/06\/Homepage-toggle-2.webp&#8220; custom_margin=&#8220;|2%|9px|2%|false|true&#8220; custom_padding=&#8220;30px|13%|30px|13%|true|true&#8220; title_text_shadow_style=&#8220;preset1&#8243; body_text_shadow_style=&#8220;preset1&#8243; border_radii=&#8220;on|7px|7px|7px|7px&#8220; border_width_all=&#8220;2px&#8220; border_color_all=&#8220;rgba(0,53,1,0.76)&#8220; global_colors_info=&#8220;{}&#8220;]<\/p>\n<p>aitopic.nl ist eine Quelle der Inspiration, wo KI und Kreativit\u00e4t zusammenkommen!<\/p>\n<p>Tauchen Sie ein in eine Welt faszinierender Nachrichten und aufschlussreicher Ver\u00f6ffentlichungen, die sich mit der Schnittstelle zwischen Technologie und Kunst befassen.<\/p>\n<p>Auf dieser Homepage finden Sie die neuesten Ver\u00f6ffentlichungen, die Ihr Denken, Ihre Neugierde und Ihre Gef\u00fchle anregen sollen.<\/p>\n<p>F\u00fcr einen vollst\u00e4ndigen \u00dcberblick \u00fcber alle Beitr\u00e4ge w\u00e4hlen Sie den Men\u00fcpunkt <a href=\"https:\/\/aitopic.nl\/blog-alle-publicaties-op-aitopic\/\">Blog<\/a>.<\/p>\n<p>[\/et_pb_toggle][et_pb_toggle title=&#8220;Exklusive Bilder&#8220; icon_color=&#8220;#FFFFFF&#8220; toggle_icon=&#8220;&#x47;||divi||400&#8243; use_icon_font_size=&#8220;on&#8220; icon_font_size=&#8220;40px&#8220; open_icon_color=&#8220;#FFFFFF&#8220; open_toggle_icon=&#8220;&#x46;||divi||400&#8243; open_use_icon_font_size=&#8220;on&#8220; open_icon_font_size=&#8220;26px&#8220; admin_label=&#8220;Exclusieve beelden&#8220; _builder_version=&#8220;4.27.0&#8243; _module_preset=&#8220;default&#8220; title_text_color=&#8220;#FFFFFF&#8220; title_font=&#8220;|||||on|||&#8220; title_font_size=&#8220;20px&#8220; body_text_color=&#8220;#FFFFFF&#8220; body_font_size=&#8220;16px&#8220; background_color=&#8220;RGBA(255,255,255,0)&#8220; background_image=&#8220;https:\/\/aitopic.nl\/wp-content\/uploads\/2024\/06\/312502_an-absurd-colorful-naive-painting-of-a-really-beau_xl-1024-v1-0.png&#8220; custom_margin=&#8220;|2%|9px|2%|false|true&#8220; custom_padding=&#8220;30px|13%|30px|13%|true|true&#8220; title_text_shadow_style=&#8220;preset1&#8243; body_text_shadow_style=&#8220;preset1&#8243; border_radii=&#8220;on|7px|7px|7px|7px&#8220; border_width_all=&#8220;2px&#8220; border_color_all=&#8220;rgba(0,53,1,0.76)&#8220; global_colors_info=&#8220;{}&#8220;]<\/p>\n<p>Tauchen Sie ein in die einzigartige visuelle Welt von aitopic.nl.<\/p>\n<p>Jedes Bild auf dieser Website wurde mit Sorgfalt und Hingabe erstellt, insbesondere f\u00fcr die Besucher dieses Blogs. Hier finden Sie exklusive Bilder, die Sie sonst nirgendwo finden.<\/p>\n<p>Erleben Sie die Leidenschaft und Originalit\u00e4t von aitopic.nl mit jedem Klick!<\/p>\n<p>[\/et_pb_toggle][et_pb_toggle title=&#8220;Copyright Bild&#8220; icon_color=&#8220;#FFFFFF&#8220; toggle_icon=&#8220;&#x47;||divi||400&#8243; use_icon_font_size=&#8220;on&#8220; icon_font_size=&#8220;40px&#8220; open_icon_color=&#8220;#FFFFFF&#8220; open_toggle_icon=&#8220;&#x46;||divi||400&#8243; open_use_icon_font_size=&#8220;on&#8220; open_icon_font_size=&#8220;26px&#8220; admin_label=&#8220;Copyright beeldmateriaal&#8220; _builder_version=&#8220;4.27.0&#8243; _module_preset=&#8220;default&#8220; title_text_color=&#8220;#FFFFFF&#8220; title_font=&#8220;|||||on|||&#8220; title_font_size=&#8220;20px&#8220; body_text_color=&#8220;#FFFFFF&#8220; body_font_size=&#8220;16px&#8220; background_color=&#8220;RGBA(255,255,255,0)&#8220; background_image=&#8220;https:\/\/aitopic.nl\/wp-content\/uploads\/2024\/06\/Homepage-toggle-5.webp&#8220; custom_margin=&#8220;|2%||2%|false|true&#8220; custom_padding=&#8220;|13%||13%|true|true&#8220; title_text_shadow_style=&#8220;preset1&#8243; body_text_shadow_style=&#8220;preset1&#8243; border_radii=&#8220;on|7px|7px|7px|7px&#8220; border_width_all=&#8220;2px&#8220; border_color_all=&#8220;rgba(0,53,1,0.76)&#8220; global_colors_info=&#8220;{}&#8220;]<\/p>\n<p>Copyright \u00a9 2024 aitopic.nl \/ Dr\u00e9 Holthuijsen<\/p>\n<p>Alle Bilder auf dieser Website sind ausschlie\u00dfliches Eigentum von Dr\u00e9 Holthuijsen \/ aitopic.nl und sind durch internationales Urheberrecht gesch\u00fctzt.<\/p>\n<p>Das Kopieren, Reproduzieren, Verbreiten oder anderweitige Verwenden dieser Bilder ohne schriftliche Genehmigung ist strengstens untersagt.<\/p>\n<p>Alle Rechte vorbehalten.<\/p>\n<p>[\/et_pb_toggle][\/et_pb_column][\/et_pb_row][et_pb_row _builder_version=&#8220;4.27.0&#8243; _module_preset=&#8220;default&#8220; width=&#8220;auto&#8220; max_height=&#8220;100%&#8220; custom_margin=&#8220;||||false|false&#8220; custom_padding=&#8220;1vw||1vw||true|false&#8220; global_colors_info=&#8220;{}&#8220;][et_pb_column type=&#8220;4_4&#8243; _builder_version=&#8220;4.24.2&#8243; _module_preset=&#8220;default&#8220; global_colors_info=&#8220;{}&#8220;][et_pb_post_slider posts_number=&#8220;1&#8243; orderby=&#8220;rand&#8220; use_manual_excerpt=&#8220;off&#8220; excerpt_length=&#8220;0&#8243; show_meta=&#8220;off&#8220; use_bg_overlay=&#8220;off&#8220; use_text_overlay=&#8220;on&#8220; text_overlay_color=&#8220;RGBA(255,255,255,0)&#8220; admin_label=&#8220;Berichten: \u00e9\u00e9n (willekeurig)&#8220; _builder_version=&#8220;4.27.0&#8243; _module_preset=&#8220;default&#8220; header_font=&#8220;|||||on|||&#8220; header_font_size=&#8220;30px&#8220; custom_button=&#8220;on&#8220; button_text_size=&#8220;15px&#8220; button_border_width=&#8220;1px&#8220; custom_margin=&#8220;|1%||1%|true|true&#8220; custom_padding=&#8220;||||true|false&#8220; animation_style=&#8220;fade&#8220; animation_duration=&#8220;0ms&#8220; border_radii=&#8220;on|7px|7px|7px|7px&#8220; border_width_all=&#8220;2px&#8220; border_color_all=&#8220;rgba(0,0,0,0.9)&#8220; border_width_all_image=&#8220;1px&#8220; border_color_all_image=&#8220;rgba(0,53,1,0.47)&#8220; box_shadow_style=&#8220;preset3&#8243; global_colors_info=&#8220;{}&#8220;][\/et_pb_post_slider][\/et_pb_column][\/et_pb_row][\/et_pb_section]<\/p>\n","protected":false},"excerpt":{"rendered":"<p>Hier k\u00f6nnte f\u00fcr Sie eine einzigartige Entdeckungsreise durch die faszinierende Welt der k\u00fcnstlichen Intelligenz (Artificial Intelligence) und Kreativit\u00e4t beginnen. Diese Homepage gibt bereits einen Vorgeschmack darauf&#8230; Mein Name ist Dr\u00e9 Holthuijsen, Sch\u00f6pfer und Designer dieser einzigartigen Website. Ich lade Sie ein, in die teilweise atemberaubenden Bilder und interaktiven Erlebnisse einzutauchen, die hier zusammengetragen wurden. Unter [&hellip;]<\/p>\n","protected":false},"author":1,"featured_media":0,"parent":0,"menu_order":0,"comment_status":"closed","ping_status":"closed","template":"","meta":{"_et_pb_use_builder":"on","_et_pb_old_content":"","_et_gb_content_width":"","ngg_post_thumbnail":0,"footnotes":""},"class_list":["post-225390","page","type-page","status-publish","hentry"],"_links":{"self":[{"href":"https:\/\/aitopic.nl\/de\/wp-json\/wp\/v2\/pages\/225390","targetHints":{"allow":["GET"]}}],"collection":[{"href":"https:\/\/aitopic.nl\/de\/wp-json\/wp\/v2\/pages"}],"about":[{"href":"https:\/\/aitopic.nl\/de\/wp-json\/wp\/v2\/types\/page"}],"author":[{"embeddable":true,"href":"https:\/\/aitopic.nl\/de\/wp-json\/wp\/v2\/users\/1"}],"replies":[{"embeddable":true,"href":"https:\/\/aitopic.nl\/de\/wp-json\/wp\/v2\/comments?post=225390"}],"version-history":[{"count":40,"href":"https:\/\/aitopic.nl\/de\/wp-json\/wp\/v2\/pages\/225390\/revisions"}],"predecessor-version":[{"id":245492,"href":"https:\/\/aitopic.nl\/de\/wp-json\/wp\/v2\/pages\/225390\/revisions\/245492"}],"wp:attachment":[{"href":"https:\/\/aitopic.nl\/de\/wp-json\/wp\/v2\/media?parent=225390"}],"curies":[{"name":"wp","href":"https:\/\/api.w.org\/{rel}","templated":true}]}}